{"id":1942,"date":"2022-09-29T19:07:39","date_gmt":"2022-09-29T22:07:39","guid":{"rendered":"https:\/\/propiedadescbenitez.cl\/?page_id=1942"},"modified":"2022-11-10T19:14:00","modified_gmt":"2022-11-10T22:14:00","slug":"quienes-somos","status":"publish","type":"page","link":"https:\/\/propiedadescbenitez.cl\/?page_id=1942","title":{"rendered":"QUIENES SOMOS"},"content":{"rendered":"<p>[et_pb_section fb_built=&#8221;1&#8243; admin_label=&#8221;Shop&#8221; _builder_version=&#8221;4.18.0&#8243; _module_preset=&#8221;default&#8221; background_color=&#8221;#FFFFFF&#8221; background_enable_image=&#8221;off&#8221; background_size=&#8221;initial&#8221; background_repeat=&#8221;repeat&#8221; custom_padding=&#8221;4px|||||&#8221; collapsed=&#8221;on&#8221; global_colors_info=&#8221;{}&#8221;][et_pb_row _builder_version=&#8221;4.17.4&#8243; _module_preset=&#8221;default&#8221; min_height=&#8221;576.9px&#8221; custom_padding=&#8221;0px||15px|||&#8221; global_colors_info=&#8221;{}&#8221;][et_pb_column type=&#8221;4_4&#8243; _builder_version=&#8221;4.17.4&#8243; _module_preset=&#8221;default&#8221; global_colors_info=&#8221;{}&#8221;][et_pb_menu active_link_color=&#8221;#E06100&#8243; logo=&#8221;https:\/\/propiedadescbenitez.cl\/wp-content\/uploads\/2022\/09\/logo_Mesa-de-trabajo-1.png&#8221; logo_url=&#8221;@ET-DC@eyJkeW5hbWljIjp0cnVlLCJjb250ZW50IjoiaG9tZV91cmwiLCJzZXR0aW5ncyI6e319@&#8221; logo_width=&#8221;26%&#8221; _builder_version=&#8221;4.18.0&#8243; _dynamic_attributes=&#8221;logo_url&#8221; _module_preset=&#8221;default&#8221; menu_font=&#8221;|700|||on||||double&#8221; menu_text_color=&#8221;#5A0C1C&#8221; menu_font_size=&#8221;20px&#8221; menu_letter_spacing=&#8221;2px&#8221; text_orientation=&#8221;right&#8221; custom_margin=&#8221;0px||0px|0px|false|false&#8221; custom_padding=&#8221;0px||||false|false&#8221; border_color_all=&#8221;#5A0C1C&#8221; global_colors_info=&#8221;{}&#8221;][\/et_pb_menu][et_pb_text _builder_version=&#8221;4.18.0&#8243; _module_preset=&#8221;b327cbe4-b1d5-4b66-ad37-40c8f2f061ba&#8221; text_font_size=&#8221;13px&#8221; header_2_font=&#8221;Aleo|700|||||||&#8221; header_2_text_color=&#8221;#000000&#8243; header_2_font_size=&#8221;40px&#8221; header_2_line_height=&#8221;1.2em&#8221; text_orientation=&#8221;center&#8221; width=&#8221;100%&#8221; custom_margin=&#8221;||4px|||&#8221; header_2_font_size_tablet=&#8221;32px&#8221; header_2_font_size_phone=&#8221;20px&#8221; header_2_font_size_last_edited=&#8221;on|desktop&#8221; global_colors_info=&#8221;{}&#8221;]<\/p>\n<h2>QUIENES SOMOS<\/h2>\n<p>[\/et_pb_text][et_pb_divider color=&#8221;#5A0C1C&#8221; divider_weight=&#8221;3px&#8221; _builder_version=&#8221;4.18.0&#8243; _module_preset=&#8221;default&#8221; width=&#8221;47%&#8221; module_alignment=&#8221;center&#8221; custom_margin=&#8221;||15px|||&#8221; global_colors_info=&#8221;{}&#8221;][\/et_pb_divider][et_pb_text _builder_version=&#8221;4.18.0&#8243; _module_preset=&#8221;default&#8221; text_font=&#8221;Comic Neue||||||||&#8221; text_text_color=&#8221;#5A0C1C&#8221; text_font_size=&#8221;24px&#8221; text_orientation=&#8221;center&#8221; custom_margin=&#8221;0px||||false|false&#8221; custom_padding=&#8221;10px|30px|10px|30px|true|true&#8221; border_radii=&#8221;on|26px|26px|26px|26px&#8221; border_width_all=&#8221;2px&#8221; border_color_all=&#8221;#5A0C1C&#8221; global_colors_info=&#8221;{}&#8221;]<\/p>\n<p><strong>Nuestra misi\u00f3n es prestar asesor\u00eda para la compra, venta, arriendo y tasaci\u00f3n de propiedades en la Comuna de Pirque.<\/strong><br \/><strong>El compromiso con nuestros clientes hace que cada reto se convierta en una motivaci\u00f3n personal, en la que su confianza es de gran valor para nosotros.<\/strong><\/p>\n<p>[\/et_pb_text][et_pb_slider _builder_version=&#8221;4.19.0&#8243; _module_preset=&#8221;default&#8221; hover_enabled=&#8221;0&#8243; global_colors_info=&#8221;{}&#8221; use_bg_overlay=&#8221;off&#8221; use_text_overlay=&#8221;off&#8221; auto=&#8221;on&#8221; animation_style=&#8221;fade&#8221; sticky_enabled=&#8221;0&#8243;][et_pb_slide _builder_version=&#8221;4.19.0&#8243; _module_preset=&#8221;default&#8221; background_color=&#8221;RGBA(255,255,255,0)&#8221; background_enable_color=&#8221;on&#8221; background_image=&#8221;https:\/\/propiedadescbenitez.cl\/wp-content\/uploads\/2022\/09\/11-2.jpeg&#8221; background_enable_image=&#8221;on&#8221; custom_padding=&#8221;300px||||false|false&#8221; global_colors_info=&#8221;{}&#8221; sticky_transition=&#8221;on&#8221;][\/et_pb_slide][et_pb_slide _builder_version=&#8221;4.19.0&#8243; _module_preset=&#8221;default&#8221; background_image=&#8221;https:\/\/propiedadescbenitez.cl\/wp-content\/uploads\/2022\/11\/9.jpeg&#8221; background_enable_image=&#8221;on&#8221; background_size=&#8221;initial&#8221; width=&#8221;100%&#8221; max_width=&#8221;100%&#8221; custom_padding=&#8221;||||false|false&#8221; global_colors_info=&#8221;{}&#8221; sticky_transition=&#8221;on&#8221;][\/et_pb_slide][et_pb_slide _builder_version=&#8221;4.19.0&#8243; _module_preset=&#8221;default&#8221; background_image=&#8221;https:\/\/propiedadescbenitez.cl\/wp-content\/uploads\/2022\/11\/2.jpeg&#8221; background_enable_image=&#8221;on&#8221; background_size=&#8221;initial&#8221; global_colors_info=&#8221;{}&#8221; sticky_transition=&#8221;on&#8221;][\/et_pb_slide][et_pb_slide _builder_version=&#8221;4.19.0&#8243; _module_preset=&#8221;default&#8221; background_image=&#8221;https:\/\/propiedadescbenitez.cl\/wp-content\/uploads\/2022\/11\/13.jpeg&#8221; background_enable_image=&#8221;on&#8221; background_size=&#8221;initial&#8221; global_colors_info=&#8221;{}&#8221; sticky_transition=&#8221;on&#8221;][\/et_pb_slide][et_pb_slide _builder_version=&#8221;4.19.0&#8243; _module_preset=&#8221;default&#8221; background_image=&#8221;https:\/\/propiedadescbenitez.cl\/wp-content\/uploads\/2022\/11\/7.jpeg&#8221; background_enable_image=&#8221;on&#8221; background_size=&#8221;initial&#8221; global_colors_info=&#8221;{}&#8221; sticky_transition=&#8221;on&#8221;][\/et_pb_slide][\/et_pb_slider][\/et_pb_column][\/et_pb_row][\/et_pb_section]<\/p>\n","protected":false},"excerpt":{"rendered":"<p>QUIENES SOMOSNuestra misi\u00f3n es prestar asesor\u00eda para la compra, venta, arriendo y tasaci\u00f3n de propiedades en la Comuna de Pirque.El compromiso con nuestros clientes hace que cada reto se convierta en una motivaci\u00f3n personal, en la que su confianza es de gran valor para nosotros.<\/p>\n","protected":false},"author":1,"featured_media":0,"parent":0,"menu_order":0,"comment_status":"closed","ping_status":"closed","template":"page-template-blank.php","meta":{"_et_pb_use_builder":"on","_et_pb_old_content":"","_et_gb_content_width":"","footnotes":""},"class_list":["post-1942","page","type-page","status-publish","hentry"],"_links":{"self":[{"href":"https:\/\/propiedadescbenitez.cl\/index.php?rest_route=\/wp\/v2\/pages\/1942","targetHints":{"allow":["GET"]}}],"collection":[{"href":"https:\/\/propiedadescbenitez.cl\/index.php?rest_route=\/wp\/v2\/pages"}],"about":[{"href":"https:\/\/propiedadescbenitez.cl\/index.php?rest_route=\/wp\/v2\/types\/page"}],"author":[{"embeddable":true,"href":"https:\/\/propiedadescbenitez.cl\/index.php?rest_route=\/wp\/v2\/users\/1"}],"replies":[{"embeddable":true,"href":"https:\/\/propiedadescbenitez.cl\/index.php?rest_route=%2Fwp%2Fv2%2Fcomments&post=1942"}],"version-history":[{"count":15,"href":"https:\/\/propiedadescbenitez.cl\/index.php?rest_route=\/wp\/v2\/pages\/1942\/revisions"}],"predecessor-version":[{"id":2365,"href":"https:\/\/propiedadescbenitez.cl\/index.php?rest_route=\/wp\/v2\/pages\/1942\/revisions\/2365"}],"wp:attachment":[{"href":"https:\/\/propiedadescbenitez.cl\/index.php?rest_route=%2Fwp%2Fv2%2Fmedia&parent=1942"}],"curies":[{"name":"wp","href":"https:\/\/api.w.org\/{rel}","templated":true}]}}