{"id":1451,"date":"2022-09-15T19:12:20","date_gmt":"2022-09-15T22:12:20","guid":{"rendered":"https:\/\/propiedadescbenitez.cl\/?post_type=product&#038;p=1451"},"modified":"2023-04-13T19:00:33","modified_gmt":"2023-04-13T22:00:33","slug":"c-937766756-uf-18-900","status":"publish","type":"product","link":"https:\/\/propiedadescbenitez.cl\/?product=c-937766756-uf-18-900","title":{"rendered":"C-937766756  Uf 18.900"},"content":{"rendered":"","protected":false},"excerpt":{"rendered":"<div class=\"YYLrA\" data-testid=\"gallery-item-panel\">\n<div class=\"fhtuP\">\n<p>Maravillosa CASONA ubicada en precioso parque con \u00e1rboles nativos y ornamentales.<br \/>\n7.400 mt2 de terreno, casona de 400 mt2 construidos con excelentes y amplios espacios, pisos de araucaria, amplio living con vigas de roble natural a la vista.<br \/>\n4 DORMITORIOS, 3 ba\u00f1os completos todos con cer\u00e1mica c\u00f3rdoba, Sala de estar, cocina con comedor de diario, lavadero interior, patio de servicio, bodega, corredor amplio con galer\u00eda.<br \/>\nCASA CUIDADOR de 70 mt2, de construcci\u00f3n s\u00f3lida, con 3 piezas, ba\u00f1o y cocina. ( Los metros cuadrados son aproximados, tanto de las casas como del terrenos y fueron entregadas por el propietario). ( Los metros cuadrados son aproximados, tanto de las casas como del terrenos y fueron entregadas por el propietario).<br \/>\nEstacionamiento. COMISION 2%<\/p>\n<p>&nbsp;<\/p>\n<p>&nbsp;<\/p>\n<p>Caracter\u00edsticas propiedad<br \/>\nchimenea, antejard\u00edn, riego autom\u00e1tico, persianas, mansarda, escritorio, hall, sala de estar, lavadero interior, despensa, comedor de diario, pieza de servicio<\/p>\n<\/div>\n<\/div>\n","protected":false},"featured_media":1446,"comment_status":"closed","ping_status":"closed","template":"","meta":{"_et_pb_use_builder":"","_et_pb_old_content":"","_et_gb_content_width":""},"product_brand":[],"product_cat":[19,20],"product_tag":[],"class_list":{"0":"post-1451","1":"product","2":"type-product","3":"status-publish","4":"has-post-thumbnail","6":"product_cat-casas","7":"product_cat-propiedades","9":"first","10":"instock","11":"shipping-taxable","12":"product-type-simple"},"_links":{"self":[{"href":"https:\/\/propiedadescbenitez.cl\/index.php?rest_route=\/wp\/v2\/product\/1451","targetHints":{"allow":["GET"]}}],"collection":[{"href":"https:\/\/propiedadescbenitez.cl\/index.php?rest_route=\/wp\/v2\/product"}],"about":[{"href":"https:\/\/propiedadescbenitez.cl\/index.php?rest_route=\/wp\/v2\/types\/product"}],"replies":[{"embeddable":true,"href":"https:\/\/propiedadescbenitez.cl\/index.php?rest_route=%2Fwp%2Fv2%2Fcomments&post=1451"}],"wp:featuredmedia":[{"embeddable":true,"href":"https:\/\/propiedadescbenitez.cl\/index.php?rest_route=\/wp\/v2\/media\/1446"}],"wp:attachment":[{"href":"https:\/\/propiedadescbenitez.cl\/index.php?rest_route=%2Fwp%2Fv2%2Fmedia&parent=1451"}],"wp:term":[{"taxonomy":"product_brand","embeddable":true,"href":"https:\/\/propiedadescbenitez.cl\/index.php?rest_route=%2Fwp%2Fv2%2Fproduct_brand&post=1451"},{"taxonomy":"product_cat","embeddable":true,"href":"https:\/\/propiedadescbenitez.cl\/index.php?rest_route=%2Fwp%2Fv2%2Fproduct_cat&post=1451"},{"taxonomy":"product_tag","embeddable":true,"href":"https:\/\/propiedadescbenitez.cl\/index.php?rest_route=%2Fwp%2Fv2%2Fproduct_tag&post=1451"}],"curies":[{"name":"wp","href":"https:\/\/api.w.org\/{rel}","templated":true}]}}