{"id":2901,"date":"2023-03-28T18:49:38","date_gmt":"2023-03-28T21:49:38","guid":{"rendered":"https:\/\/propiedadescbenitez.cl\/?post_type=product&#038;p=2901"},"modified":"2023-03-28T18:49:39","modified_gmt":"2023-03-28T21:49:39","slug":"casa-en-sector-exclusivo-pirque-c1459428606-uf15-800","status":"publish","type":"product","link":"https:\/\/propiedadescbenitez.cl\/?product=casa-en-sector-exclusivo-pirque-c1459428606-uf15-800","title":{"rendered":"Casa En Sector Exclusivo Pirque C1459428606 UF15.800"},"content":{"rendered":"","protected":false},"excerpt":{"rendered":"<p>Caracter\u00edsticas Generales:<br \/>\nUbicaci\u00f3n: Virginia Subercaseaux 4605. Loteo Santa Virginia parcela 12-B<br \/>\nSuperficie terreno: 5.414 m2 (terreno plano) + derechos de agua de riego.<br \/>\nConstruidos: 290 m2 + terrazas + quincho + piscina (12&#215;4).<br \/>\nCuenta con Recepci\u00f3n Final.<br \/>\nParcela sin deuda.<br \/>\nA\u00f1o de construcci\u00f3n: 2002<br \/>\nLoteo peque\u00f1o, muy tranquilo y seguro con control de acceso.<\/p>\n<p>Descripci\u00f3n Detallada<br \/>\nCasa totalmente de alba\u00f1iler\u00eda.<br \/>\nTecho de tejas de arcilla.<br \/>\nPisos: cer\u00e1mica en ba\u00f1os, cocina y logia. Piso flotante dormitorios y espacios de uso com\u00fan.<br \/>\nAgua potable de pozo de empresa de Agua Potable El Cruceral de Pirque Ltda.<br \/>\nCalefacci\u00f3n con radiadores el\u00e9ctricos y cuenta con 4 calefactores a le\u00f1a.<br \/>\n4 amplios dormitorios en primer piso, todos con amplios closets. El dormitorio principal con ba\u00f1o completo con tina de hidromasaje y walk in closet.<br \/>\n4 ba\u00f1os (incluye ba\u00f1o de visitas y de servicio).<br \/>\nHall de acceso amplio, luminoso y con techo de doble altura (puede ser sala de estar).<br \/>\nLiving amplio y luminoso con salida a terraza.<br \/>\nComedor separado y amplio.<br \/>\nEscritorio amplio en segundo piso.<br \/>\nCocina con comedor de diario.<br \/>\nLoggia.<br \/>\nDormitorio y ba\u00f1o de servicio.<br \/>\nCasa cuenta con alarma.<br \/>\nQuincho con cierre parcial y ba\u00f1o.<br \/>\nBodegas.<br \/>\nLe\u00f1era.<br \/>\nJard\u00edn conformado con \u00e1rboles grandes y riego autom\u00e1tico.<br \/>\nPozos de decantaci\u00f3n y cisterna de acumulaci\u00f3n de 5.000 lts para captar y tratar agua del canal.<br \/>\nEstacionamiento techado para 4 autos.<br \/>\nBuena iluminaci\u00f3n de jard\u00edn.<br \/>\nHorno de barro.<br \/>\nPort\u00f3n el\u00e9ctrico.<\/p>\n","protected":false},"featured_media":2924,"comment_status":"closed","ping_status":"closed","template":"","meta":{"_et_pb_use_builder":"","_et_pb_old_content":"","_et_gb_content_width":""},"product_brand":[],"product_cat":[19,20],"product_tag":[],"class_list":{"0":"post-2901","1":"product","2":"type-product","3":"status-publish","4":"has-post-thumbnail","6":"product_cat-casas","7":"product_cat-propiedades","9":"first","10":"instock","11":"shipping-taxable","12":"product-type-simple"},"_links":{"self":[{"href":"https:\/\/propiedadescbenitez.cl\/index.php?rest_route=\/wp\/v2\/product\/2901","targetHints":{"allow":["GET"]}}],"collection":[{"href":"https:\/\/propiedadescbenitez.cl\/index.php?rest_route=\/wp\/v2\/product"}],"about":[{"href":"https:\/\/propiedadescbenitez.cl\/index.php?rest_route=\/wp\/v2\/types\/product"}],"replies":[{"embeddable":true,"href":"https:\/\/propiedadescbenitez.cl\/index.php?rest_route=%2Fwp%2Fv2%2Fcomments&post=2901"}],"wp:featuredmedia":[{"embeddable":true,"href":"https:\/\/propiedadescbenitez.cl\/index.php?rest_route=\/wp\/v2\/media\/2924"}],"wp:attachment":[{"href":"https:\/\/propiedadescbenitez.cl\/index.php?rest_route=%2Fwp%2Fv2%2Fmedia&parent=2901"}],"wp:term":[{"taxonomy":"product_brand","embeddable":true,"href":"https:\/\/propiedadescbenitez.cl\/index.php?rest_route=%2Fwp%2Fv2%2Fproduct_brand&post=2901"},{"taxonomy":"product_cat","embeddable":true,"href":"https:\/\/propiedadescbenitez.cl\/index.php?rest_route=%2Fwp%2Fv2%2Fproduct_cat&post=2901"},{"taxonomy":"product_tag","embeddable":true,"href":"https:\/\/propiedadescbenitez.cl\/index.php?rest_route=%2Fwp%2Fv2%2Fproduct_tag&post=2901"}],"curies":[{"name":"wp","href":"https:\/\/api.w.org\/{rel}","templated":true}]}}