{"id":4527,"date":"2024-11-28T17:33:54","date_gmt":"2024-11-28T20:33:54","guid":{"rendered":"https:\/\/propiedadescbenitez.cl\/?post_type=product&#038;p=4527"},"modified":"2026-01-06T17:31:26","modified_gmt":"2026-01-06T20:31:26","slug":"amplia-comoda-y-hermosa-parcela-en-proceso-de-remodelacion-uf13-000-c-2791904710","status":"publish","type":"product","link":"https:\/\/propiedadescbenitez.cl\/?product=amplia-comoda-y-hermosa-parcela-en-proceso-de-remodelacion-uf13-000-c-2791904710","title":{"rendered":"Amplia, C\u00f3moda Y Hermosa Parcela En Proceso De Remodelacion  UF12.000 C 2791904710"},"content":{"rendered":"","protected":false},"excerpt":{"rendered":"<div id=\"technical_specifications\" class=\"ui-pdp-container__row ui-pdp-container__row--technical-specifications\">\n<div class=\"ui-pdp-specs\">\n<h2 class=\"ui-pdp-specs__title\">Caracter\u00edsticas del inmueble<\/h2>\n<div class=\"ui-pdp-specs__table\">\n<table class=\"andes-table\">\n<tbody class=\"andes-table__body\">\n<tr class=\"andes-table__row\">\n<th class=\"andes-table__header andes-table__header--left ui-pdp-specs__table__column ui-pdp-specs__table__column-title\" scope=\"row\">\n<div class=\"andes-table__header__container\">Superficie total<\/div>\n<\/th>\n<td id=\":R2iesha9im:\" class=\"andes-table__column andes-table__column--left andes-table__column--vertical-align-center ui-pdp-specs__table__column\"><span id=\":R2iesha9im:-value\" class=\"andes-table__column--value\">5.000 m\u00b2<\/span><\/td>\n<\/tr>\n<tr class=\"andes-table__row\">\n<th class=\"andes-table__header andes-table__header--left ui-pdp-specs__table__column ui-pdp-specs__table__column-title\" scope=\"row\">\n<div class=\"andes-table__header__container\">Superficie \u00fatil<\/div>\n<\/th>\n<td id=\":R2imsha9im:\" class=\"andes-table__column andes-table__column--left andes-table__column--vertical-align-center ui-pdp-specs__table__column\"><span id=\":R2imsha9im:-value\" class=\"andes-table__column--value\">450 m\u00b2<\/span><\/td>\n<\/tr>\n<tr class=\"andes-table__row\">\n<th class=\"andes-table__header andes-table__header--left ui-pdp-specs__table__column ui-pdp-specs__table__column-title\" scope=\"row\">\n<div class=\"andes-table__header__container\">Dormitorios<\/div>\n<\/th>\n<td id=\":R2iusha9im:\" class=\"andes-table__column andes-table__column--left andes-table__column--vertical-align-center ui-pdp-specs__table__column\"><span id=\":R2iusha9im:-value\" class=\"andes-table__column--value\">4<\/span><\/td>\n<\/tr>\n<tr class=\"andes-table__row\">\n<th class=\"andes-table__header andes-table__header--left ui-pdp-specs__table__column ui-pdp-specs__table__column-title\" scope=\"row\">\n<div class=\"andes-table__header__container\">Ba\u00f1os<\/div>\n<\/th>\n<td id=\":R2j6sha9im:\" class=\"andes-table__column andes-table__column--left andes-table__column--vertical-align-center ui-pdp-specs__table__column\"><span id=\":R2j6sha9im:-value\" class=\"andes-table__column--value\">3<\/span><\/td>\n<\/tr>\n<tr class=\"andes-table__row\">\n<th class=\"andes-table__header andes-table__header--left ui-pdp-specs__table__column ui-pdp-specs__table__column-title\" scope=\"row\">\n<div class=\"andes-table__header__container\">Estacionamientos<\/div>\n<\/th>\n<td id=\":R2jesha9im:\" class=\"andes-table__column andes-table__column--left andes-table__column--vertical-align-center ui-pdp-specs__table__column\"><span id=\":R2jesha9im:-value\" class=\"andes-table__column--value\">4<\/span><\/td>\n<\/tr>\n<\/tbody>\n<\/table>\n<\/div>\n<\/div>\n<\/div>\n<div id=\"description\" class=\"ui-pdp-container__row ui-pdp-container__row--description\">\n<div class=\"ui-pdp-collapsable ui-pdp-description-collapse\">\n<div class=\"ui-pdp-collapsable__container\">\n<div class=\"ui-pdp-description\">\n<h2 class=\"ui-pdp-description__title\">Descripci\u00f3n<\/h2>\n<p class=\"ui-pdp-description__content\">Se vende amplia, c\u00f3moda y hermosa casa en proceso de remodelaci\u00f3n.<br \/>\nEst\u00e1 ubicada en Santa Rita &#8211; Majadas que es el sector m\u00e1s lindo de Pirque en un tranquilo, silencioso y muy seguro condominio cerrado en entorno residencial consolidado de calle tranquila donde solo los residentes pueden transitar.<\/p>\n<p>La propiedad destaca por su excelente emplazamiento en terreno, por su funcional distribuci\u00f3n y por sus recintos amplios y de generosas dimensiones.<br \/>\nPropiedad desarrollada en un nivel, consta de amplio hall de entrada, living (con chimenea)y comedor separados, cuenta con cuatro dormitorios, dos ba\u00f1os completos m\u00e1s ba\u00f1o de visitas; donde el dormitorio principal es en suite con w-closet. ba\u00f1o de visitas, c\u00f3modo escritorio, gran sala de estar, amplia cocina con alacena, que incorpora comedor de diario. Pieza de servicio con ba\u00f1o y closet. Gran logia. Calefacci\u00f3n por bosca y tiene las conexiones para instalar estufa empotrada a gas.<\/p>\n<p>\u00c1rea exterior compuesta por una linda terraza y corredores exteriores, quincho.<br \/>\nCuenta con un gran y maravilloso jard\u00edn desarrollado con \u00e1rboles de ornamentaci\u00f3n adultos y tambi\u00e9n hay nogales, paltos, membrillos, higueras, cuenta con soleada piscina de buen tama\u00f1o. Tambi\u00e9n, cuenta con parr\u00f3n de pino oreg\u00f3n, gallineros y corral para gansos tambi\u00e9n de pino oreg\u00f3n.<br \/>\nEstacionamientos techados para cuatro autos, port\u00f3n el\u00e9ctrico. Bodega para herramientas.<br \/>\nContribuciones trimestrales son del orden de los $ 580.000.<br \/>\nMuy buena alternativa para vivir en una casa c\u00f3moda y de construcci\u00f3n s\u00f3lida, en barrio residencial consolidado, de calles arboladas y escaso tr\u00e1fico con inmejorable conectividad.<br \/>\nPropiedad cuenta con RECEPCI\u00d3N FINAL.<br \/>\nCuenta con Agua de Riego<\/p>\n<\/div>\n<p>ACEPTO OFERTAS<\/p>\n<\/div>\n<\/div>\n<\/div>\n","protected":false},"featured_media":4536,"comment_status":"open","ping_status":"closed","template":"","meta":{"_et_pb_use_builder":"","_et_pb_old_content":"","_et_gb_content_width":""},"product_brand":[],"product_cat":[19],"product_tag":[],"class_list":{"0":"post-4527","1":"product","2":"type-product","3":"status-publish","4":"has-post-thumbnail","6":"product_cat-casas","8":"first","9":"instock","10":"shipping-taxable","11":"product-type-simple"},"_links":{"self":[{"href":"https:\/\/propiedadescbenitez.cl\/index.php?rest_route=\/wp\/v2\/product\/4527","targetHints":{"allow":["GET"]}}],"collection":[{"href":"https:\/\/propiedadescbenitez.cl\/index.php?rest_route=\/wp\/v2\/product"}],"about":[{"href":"https:\/\/propiedadescbenitez.cl\/index.php?rest_route=\/wp\/v2\/types\/product"}],"replies":[{"embeddable":true,"href":"https:\/\/propiedadescbenitez.cl\/index.php?rest_route=%2Fwp%2Fv2%2Fcomments&post=4527"}],"wp:featuredmedia":[{"embeddable":true,"href":"https:\/\/propiedadescbenitez.cl\/index.php?rest_route=\/wp\/v2\/media\/4536"}],"wp:attachment":[{"href":"https:\/\/propiedadescbenitez.cl\/index.php?rest_route=%2Fwp%2Fv2%2Fmedia&parent=4527"}],"wp:term":[{"taxonomy":"product_brand","embeddable":true,"href":"https:\/\/propiedadescbenitez.cl\/index.php?rest_route=%2Fwp%2Fv2%2Fproduct_brand&post=4527"},{"taxonomy":"product_cat","embeddable":true,"href":"https:\/\/propiedadescbenitez.cl\/index.php?rest_route=%2Fwp%2Fv2%2Fproduct_cat&post=4527"},{"taxonomy":"product_tag","embeddable":true,"href":"https:\/\/propiedadescbenitez.cl\/index.php?rest_route=%2Fwp%2Fv2%2Fproduct_tag&post=4527"}],"curies":[{"name":"wp","href":"https:\/\/api.w.org\/{rel}","templated":true}]}}