{"id":5170,"date":"2025-09-04T19:17:17","date_gmt":"2025-09-04T22:17:17","guid":{"rendered":"https:\/\/propiedadescbenitez.cl\/?post_type=product&#038;p=5170"},"modified":"2025-09-04T19:17:17","modified_gmt":"2025-09-04T22:17:17","slug":"parcela-agro-residencial-ubicada-condominio-pirque-uf13-300-c-1689380947","status":"publish","type":"product","link":"https:\/\/propiedadescbenitez.cl\/?product=parcela-agro-residencial-ubicada-condominio-pirque-uf13-300-c-1689380947","title":{"rendered":"Parcela Agro Residencial Ubicada Condominio Pirque UF13.300 C 1689380947"},"content":{"rendered":"","protected":false},"excerpt":{"rendered":"<h2 class=\"ui-pdp-description__title\" data-testid=\"title\">Descripci\u00f3n<\/h2>\n<p class=\"ui-pdp-description__content\" data-testid=\"content\">Parcela agro residencial ubicada Condominio \u201cValle del Principal\u201d<br \/>\n* Acceso restringido con porter\u00eda las 24 horas<br \/>\n* Areas verdes comunes<br \/>\n* Club de Golf<\/p>\n<p>* Superficie del terreno de 5.529 m2.<br \/>\n* La vivienda tiene 300 m2 construidos.<\/p>\n<p>* Primera planta con piso de cer\u00e1mica<br \/>\n* Hall de acceso<br \/>\n* Living comedor<br \/>\n* Cocina americana<br \/>\n* Despensa\/cava subterr\u00e1nea<br \/>\n* Ba\u00f1o de servicio<br \/>\n* Loggia<br \/>\n* 3 dormitorios en la primera planta con 2 ba\u00f1os completo.<\/p>\n<p>* En el segundo piso<br \/>\n* Con formato de mansarda y piso de madera de ingenier\u00eda<br \/>\n* Dormitorio completo con ba\u00f1o en suite<br \/>\n* Amplia sala de estar\/estudio.<br \/>\n* Toda la casa cuenta con ventanales y puertas de termo panel alemanes de 20 mm laminados para ruido y cortina met\u00e1lica para seguridad y aislaci\u00f3n t\u00e9rmica.<br \/>\n* Existe una bodega de madera ubicada en la zona del jard\u00edn con una superficie 22 m2.<br \/>\n* La casa se encuentra completamente funcional, habitada y en excelente estado de conservaci\u00f3n<br \/>\n* Alarma inteligente<br \/>\n* Conexi\u00f3n a Internet.<br \/>\n* La calefacci\u00f3n se obtiene con estufas el\u00e9ctrica infrarroja<br \/>\n* Cocina a le\u00f1a<br \/>\n* Estufa fija de parafina<br \/>\n* Aire acondicionado en segundo piso.<br \/>\n* En el exterior, cuenta con una piscina de 80 m3<br \/>\n* Amplia terraza techada<br \/>\n* Estacionamiento techado para 2-3 autos<br \/>\n* Cierres perimetrales.<br \/>\n* El jard\u00edn tiene pasto en la zona frontal y trasera<br \/>\n* Areas de vegetaci\u00f3n nativa, frutales (manzanos, cerezos, durazno, ciruela, nueces, almendros, olivos, uva y membrillos)<br \/>\n* Huerta<br \/>\n* Estanque de acopio de agua de riego de 60 m3<br \/>\n* Riego autom\u00e1tico<br \/>\n* Derechos de aprovechamiento de agua de rio Maipo.<\/p>\n","protected":false},"featured_media":5187,"comment_status":"closed","ping_status":"closed","template":"","meta":{"_et_pb_use_builder":"","_et_pb_old_content":"","_et_gb_content_width":""},"product_brand":[],"product_cat":[19],"product_tag":[],"class_list":{"0":"post-5170","1":"product","2":"type-product","3":"status-publish","4":"has-post-thumbnail","6":"product_cat-casas","8":"first","9":"instock","10":"shipping-taxable","11":"product-type-simple"},"_links":{"self":[{"href":"https:\/\/propiedadescbenitez.cl\/index.php?rest_route=\/wp\/v2\/product\/5170","targetHints":{"allow":["GET"]}}],"collection":[{"href":"https:\/\/propiedadescbenitez.cl\/index.php?rest_route=\/wp\/v2\/product"}],"about":[{"href":"https:\/\/propiedadescbenitez.cl\/index.php?rest_route=\/wp\/v2\/types\/product"}],"replies":[{"embeddable":true,"href":"https:\/\/propiedadescbenitez.cl\/index.php?rest_route=%2Fwp%2Fv2%2Fcomments&post=5170"}],"wp:featuredmedia":[{"embeddable":true,"href":"https:\/\/propiedadescbenitez.cl\/index.php?rest_route=\/wp\/v2\/media\/5187"}],"wp:attachment":[{"href":"https:\/\/propiedadescbenitez.cl\/index.php?rest_route=%2Fwp%2Fv2%2Fmedia&parent=5170"}],"wp:term":[{"taxonomy":"product_brand","embeddable":true,"href":"https:\/\/propiedadescbenitez.cl\/index.php?rest_route=%2Fwp%2Fv2%2Fproduct_brand&post=5170"},{"taxonomy":"product_cat","embeddable":true,"href":"https:\/\/propiedadescbenitez.cl\/index.php?rest_route=%2Fwp%2Fv2%2Fproduct_cat&post=5170"},{"taxonomy":"product_tag","embeddable":true,"href":"https:\/\/propiedadescbenitez.cl\/index.php?rest_route=%2Fwp%2Fv2%2Fproduct_tag&post=5170"}],"curies":[{"name":"wp","href":"https:\/\/api.w.org\/{rel}","templated":true}]}}